{"id":4433,"date":"2024-02-14T17:27:37","date_gmt":"2024-02-14T16:27:37","guid":{"rendered":"https:\/\/photos.cyrilgarcia.fr\/?page_id=4433"},"modified":"2024-02-14T17:27:37","modified_gmt":"2024-02-14T16:27:37","slug":"a-propos","status":"publish","type":"page","link":"https:\/\/photos.cyrilgarcia.fr\/?page_id=4433","title":{"rendered":"A propos"},"content":{"rendered":"\n<div class=\"wp-block-group alignfull has-foreground-background-color has-text-color has-background\" style=\"color:#ffffff;padding-top:var(--wp--preset--spacing--50);padding-right:var(--wp--preset--spacing--50);padding-bottom:var(--wp--preset--spacing--50);padding-left:var(--wp--preset--spacing--50)\"><div class=\"wp-block-group__inner-container is-layout-constrained wp-container-core-group-is-layout-ebbe9c27 wp-block-group-is-layout-constrained\">\n<div class=\"wp-block-columns alignwide is-layout-flex wp-container-core-columns-is-layout-9d6595d7 wp-block-columns-is-layout-flex\">\n<div class=\"wp-block-column is-layout-flow wp-block-column-is-layout-flow\" style=\"flex-basis:62.5%\">\n<figure class=\"wp-block-image size-full\"><img decoding=\"async\" src=\"https:\/\/www.navigotrotter.fr\/wp-content\/uploads\/2024\/01\/img_0552.jpg\" alt=\"\" class=\"wp-image-64\"\/><\/figure>\n<\/div>\n\n\n\n<div class=\"wp-block-column is-layout-flow wp-block-column-is-layout-flow\" style=\"flex-basis:37.5%\">\n<p class=\"has-black-color has-text-color has-link-color has-small-font-size wp-elements-084e014c0774e751758a9fb6118bc1d9\">Parisien d&rsquo;adoption depuis 20 ans, j&rsquo;ai eu la chance de voyager dans beaucoup de pays et je compl\u00e8te ces d\u00e9couvertes par un projet plus personnel de visite de l&rsquo;\u00cele de France, avec pour seul moyen de locomotion les transports en commun et mon Pass Navigo.<\/p>\n\n\n\n<p class=\"has-black-color has-text-color has-link-color has-small-font-size wp-elements-7db774d7ad16b4a3b1f4f31e72af0318\">Sur ce site, le fruit de ce travail photographique, sans pr\u00e9tentions.<\/p>\n\n\n\n<p>Sur <\/p>\n\n\n\n<p>J<\/p>\n\n\n\n<p><\/p>\n\n\n\n<p>J&rsquo;<\/p>\n<\/div>\n<\/div>\n<\/div><\/div>\n","protected":false},"excerpt":{"rendered":"<p>Parisien d&rsquo;adoption depuis 20 ans, j&rsquo;ai eu la chance de voyager dans beaucoup de pays et je compl\u00e8te ces d\u00e9couvertes par un projet plus personnel de visite de l&rsquo;\u00cele de France, avec pour seul moyen de locomotion les transports en commun et mon Pass Navigo. Sur ce site, le fruit de ce travail photographique, sans [&hellip;]<\/p>\n","protected":false},"author":138365566,"featured_media":0,"parent":0,"menu_order":0,"comment_status":"closed","ping_status":"closed","template":"","meta":{"advanced_seo_description":"","jetpack_seo_html_title":"","jetpack_seo_noindex":false,"jetpack_post_was_ever_published":false,"footnotes":""},"tags":[],"class_list":["post-4433","page","type-page","status-publish","hentry"],"jetpack_likes_enabled":true,"jetpack_sharing_enabled":true,"jetpack_shortlink":"https:\/\/wp.me\/PfwbSQ-19v","jetpack-related-posts":[],"_links":{"self":[{"href":"https:\/\/photos.cyrilgarcia.fr\/index.php?rest_route=\/wp\/v2\/pages\/4433","targetHints":{"allow":["GET"]}}],"collection":[{"href":"https:\/\/photos.cyrilgarcia.fr\/index.php?rest_route=\/wp\/v2\/pages"}],"about":[{"href":"https:\/\/photos.cyrilgarcia.fr\/index.php?rest_route=\/wp\/v2\/types\/page"}],"author":[{"embeddable":true,"href":"https:\/\/photos.cyrilgarcia.fr\/index.php?rest_route=\/wp\/v2\/users\/138365566"}],"replies":[{"embeddable":true,"href":"https:\/\/photos.cyrilgarcia.fr\/index.php?rest_route=%2Fwp%2Fv2%2Fcomments&post=4433"}],"version-history":[{"count":1,"href":"https:\/\/photos.cyrilgarcia.fr\/index.php?rest_route=\/wp\/v2\/pages\/4433\/revisions"}],"predecessor-version":[{"id":4434,"href":"https:\/\/photos.cyrilgarcia.fr\/index.php?rest_route=\/wp\/v2\/pages\/4433\/revisions\/4434"}],"wp:attachment":[{"href":"https:\/\/photos.cyrilgarcia.fr\/index.php?rest_route=%2Fwp%2Fv2%2Fmedia&parent=4433"}],"wp:term":[{"taxonomy":"post_tag","embeddable":true,"href":"https:\/\/photos.cyrilgarcia.fr\/index.php?rest_route=%2Fwp%2Fv2%2Ftags&post=4433"}],"curies":[{"name":"wp","href":"https:\/\/api.w.org\/{rel}","templated":true}]}}